{"id":27,"date":"2021-06-22T18:21:59","date_gmt":"2021-06-22T18:21:59","guid":{"rendered":"https:\/\/agenciaargus.com\/cursos\/?page_id=27"},"modified":"2021-07-19T13:53:41","modified_gmt":"2021-07-19T16:53:41","slug":"onde-atuar","status":"publish","type":"page","link":"https:\/\/agenciaargus.com\/cursos\/espanhol\/onde-atuar\/","title":{"rendered":"DONDE ACTUAR"},"content":{"rendered":"\t\t<div data-elementor-type=\"wp-page\" data-elementor-id=\"27\" class=\"elementor elementor-27\">\n\t\t\t\t\t\t<section class=\"elementor-section elementor-top-section elementor-element elementor-element-2e600de elementor-section-boxed elementor-section-height-default elementor-section-height-default\" data-id=\"2e600de\" data-element_type=\"section\">\n\t\t\t\t\t\t<div class=\"elementor-container elementor-column-gap-default\">\n\t\t\t\t\t<div class=\"elementor-column elementor-col-100 elementor-top-column elementor-element elementor-element-0c14e2d\" data-id=\"0c14e2d\" data-element_type=\"column\">\n\t\t\t<div class=\"elementor-widget-wrap elementor-element-populated\">\n\t\t\t\t\t\t<div class=\"elementor-element elementor-element-f201a7a elementor-widget elementor-widget-heading\" data-id=\"f201a7a\" data-element_type=\"widget\" data-widget_type=\"heading.default\">\n\t\t\t\t<div class=\"elementor-widget-container\">\n\t\t\t\t\t<h2 class=\"elementor-heading-title elementor-size-default\">EL DETECTIVE PRIVADO PUEDE EJERCER SU PROFESI\u00d3N EN LOS SIGUIENTES SECTORES:<\/h2>\t\t\t\t<\/div>\n\t\t\t\t<\/div>\n\t\t\t\t\t<\/div>\n\t\t<\/div>\n\t\t\t\t\t<\/div>\n\t\t<\/section>\n\t\t\t\t<section class=\"elementor-section elementor-top-section elementor-element elementor-element-a0829e2 elementor-section-boxed elementor-section-height-default elementor-section-height-default\" data-id=\"a0829e2\" data-element_type=\"section\">\n\t\t\t\t\t\t<div class=\"elementor-container elementor-column-gap-default\">\n\t\t\t\t\t<div class=\"elementor-column elementor-col-100 elementor-top-column elementor-element elementor-element-94e7785\" data-id=\"94e7785\" data-element_type=\"column\">\n\t\t\t<div class=\"elementor-widget-wrap elementor-element-populated\">\n\t\t\t\t\t\t<div class=\"elementor-element elementor-element-4bcb0af elementor-widget elementor-widget-text-editor\" data-id=\"4bcb0af\" data-element_type=\"widget\" data-widget_type=\"text-editor.default\">\n\t\t\t\t<div class=\"elementor-widget-container\">\n\t\t\t\t\t\t\t\t\t<p><span style=\"color: #ffffff;\"><strong>1) Casos de infidelidad conyugal: seguimientos, encuesta a trav\u00e9s de registros telef\u00f3nicos, seguimiento y seguimiento de la persona investigada a trav\u00e9s de fotos, videos, audio e informes.<\/strong><\/span><\/p><p><span style=\"color: #ffffff;\"><strong>2) Localizaci\u00f3n de personas, datos e informaci\u00f3n: b\u00fasqueda realizada en sistemas de investigaci\u00f3n, adem\u00e1s de Detran y Notar\u00edas.<\/strong><\/span><\/p><p><span style=\"color: #ffffff;\"><strong>3) Casos comerciales: b\u00fasqueda de pruebas para la defensa en juicios contra ex empleados, seguimiento de competidores, empresas, as\u00ed como informaci\u00f3n general sobre el objeto investigado.<\/strong><\/span><\/p><p><span style=\"color: #ffffff;\"><strong>4) Ubicaci\u00f3n de personas desaparecidas: personas separadas por el destino, tales como: amigos, hermanos, un amor del pasado, un ni\u00f1o que busca a sus padres y viceversa.<\/strong><\/span><\/p><p><span style=\"color: #ffffff;\"><strong>5) B\u00fasqueda en notar\u00edas: levantamiento espec\u00edfico en busca de inmuebles y documentos oficiales como: registro de nacimiento, matrimonio, defunci\u00f3n y protestas.<\/strong><\/span><\/p><p><span style=\"color: #ffffff;\"><strong>6) Casos de drogodependientes: seguimiento de personas implicadas en drogas.<\/strong><\/span><\/p><p><span style=\"color: #ffffff;\"><strong>7) Consultas en general: incluidas fotograf\u00edas de inmuebles, veh\u00edculos en determinadas ubicaciones, breves acompa\u00f1amientos moment\u00e1neos, ubicaci\u00f3n de una persona en una determinada ubicaci\u00f3n.<\/strong><\/span><\/p>\t\t\t\t\t\t\t\t<\/div>\n\t\t\t\t<\/div>\n\t\t\t\t\t<\/div>\n\t\t<\/div>\n\t\t\t\t\t<\/div>\n\t\t<\/section>\n\t\t\t\t<section class=\"elementor-section elementor-top-section elementor-element elementor-element-60bc055 elementor-section-boxed elementor-section-height-default elementor-section-height-default\" data-id=\"60bc055\" data-element_type=\"section\">\n\t\t\t\t\t\t<div class=\"elementor-container elementor-column-gap-default\">\n\t\t\t\t\t<div class=\"elementor-column elementor-col-100 elementor-top-column elementor-element elementor-element-3988098\" data-id=\"3988098\" data-element_type=\"column\">\n\t\t\t<div class=\"elementor-widget-wrap elementor-element-populated\">\n\t\t\t\t\t\t<div class=\"elementor-element elementor-element-0c723ea elementor-widget elementor-widget-heading\" data-id=\"0c723ea\" data-element_type=\"widget\" data-widget_type=\"heading.default\">\n\t\t\t\t<div class=\"elementor-widget-container\">\n\t\t\t\t\t<h2 class=\"elementor-heading-title elementor-size-default\">BENEFICIOS DE LA PROFESI\u00d3N DE DETECTIVE PRIVADA<\/h2>\t\t\t\t<\/div>\n\t\t\t\t<\/div>\n\t\t\t\t\t<\/div>\n\t\t<\/div>\n\t\t\t\t\t<\/div>\n\t\t<\/section>\n\t\t\t\t<section class=\"elementor-section elementor-top-section elementor-element elementor-element-fcc775c elementor-section-boxed elementor-section-height-default elementor-section-height-default\" data-id=\"fcc775c\" data-element_type=\"section\">\n\t\t\t\t\t\t<div class=\"elementor-container elementor-column-gap-default\">\n\t\t\t\t\t<div class=\"elementor-column elementor-col-100 elementor-top-column elementor-element elementor-element-bc5b197\" data-id=\"bc5b197\" data-element_type=\"column\">\n\t\t\t<div class=\"elementor-widget-wrap elementor-element-populated\">\n\t\t\t\t\t\t<div class=\"elementor-element elementor-element-978a7ba elementor-widget elementor-widget-text-editor\" data-id=\"978a7ba\" data-element_type=\"widget\" data-widget_type=\"text-editor.default\">\n\t\t\t\t<div class=\"elementor-widget-container\">\n\t\t\t\t\t\t\t\t\t<ul><li id=\"beneficios\" class=\"mt-5\"><span style=\"color: #ffffff;\"><strong>Excelente remuneraci\u00f3n;<\/strong><\/span><\/li><li class=\"mt-5\"><span style=\"color: #ffffff;\"><strong>Recompensa. El Detective ayuda a personas y empresas a resolver sus problemas;<\/strong><\/span><\/li><li class=\"mt-5\"><span style=\"color: #ffffff;\"><strong>Cumplimiento mediante el cumplimiento del deber;<\/strong><\/span><\/li><li class=\"mt-5\"><span style=\"color: #ffffff;\"><strong>Un detective privado exitoso se destaca en el medio;<\/strong><\/span><\/li><li class=\"mt-5\"><span style=\"color: #ffffff;\"><strong>Un detective favorece la historia de muchas personas;<\/strong><\/span><\/li><li class=\"mt-5\"><span style=\"color: #ffffff;\"><strong>Contribuye a la resoluci\u00f3n de dramas personales.<\/strong><\/span><\/li><\/ul>\t\t\t\t\t\t\t\t<\/div>\n\t\t\t\t<\/div>\n\t\t\t\t\t<\/div>\n\t\t<\/div>\n\t\t\t\t\t<\/div>\n\t\t<\/section>\n\t\t\t\t<\/div>\n\t\t","protected":false},"excerpt":{"rendered":"<p>EL DETECTIVE PRIVADO PUEDE EJERCER SU PROFESI\u00d3N EN LOS SIGUIENTES SECTORES: 1) Casos de infidelidad conyugal: seguimientos, encuesta a trav\u00e9s de registros telef\u00f3nicos, seguimiento y seguimiento de la persona investigada a trav\u00e9s de fotos, videos, audio e informes. 2) Localizaci\u00f3n<\/p>\n","protected":false},"author":1,"featured_media":0,"parent":0,"menu_order":0,"comment_status":"closed","ping_status":"closed","template":"","meta":{"footnotes":""},"class_list":["post-27","page","type-page","status-publish","hentry"],"_links":{"self":[{"href":"https:\/\/agenciaargus.com\/cursos\/espanhol\/wp-json\/wp\/v2\/pages\/27","targetHints":{"allow":["GET"]}}],"collection":[{"href":"https:\/\/agenciaargus.com\/cursos\/espanhol\/wp-json\/wp\/v2\/pages"}],"about":[{"href":"https:\/\/agenciaargus.com\/cursos\/espanhol\/wp-json\/wp\/v2\/types\/page"}],"author":[{"embeddable":true,"href":"https:\/\/agenciaargus.com\/cursos\/espanhol\/wp-json\/wp\/v2\/users\/1"}],"replies":[{"embeddable":true,"href":"https:\/\/agenciaargus.com\/cursos\/espanhol\/wp-json\/wp\/v2\/comments?post=27"}],"version-history":[{"count":7,"href":"https:\/\/agenciaargus.com\/cursos\/espanhol\/wp-json\/wp\/v2\/pages\/27\/revisions"}],"predecessor-version":[{"id":284,"href":"https:\/\/agenciaargus.com\/cursos\/espanhol\/wp-json\/wp\/v2\/pages\/27\/revisions\/284"}],"wp:attachment":[{"href":"https:\/\/agenciaargus.com\/cursos\/espanhol\/wp-json\/wp\/v2\/media?parent=27"}],"curies":[{"name":"wp","href":"https:\/\/api.w.org\/{rel}","templated":true}]}}