{"id":185,"date":"2021-06-25T00:32:53","date_gmt":"2021-06-25T00:32:53","guid":{"rendered":"https:\/\/agenciaargus.com\/cursos\/?page_id=185"},"modified":"2021-06-25T00:37:04","modified_gmt":"2021-06-25T00:37:04","slug":"legis","status":"publish","type":"page","link":"https:\/\/agenciaargus.com\/cursos\/legis\/","title":{"rendered":"LEGISLA\u00c7\u00c3O"},"content":{"rendered":"\t\t<div data-elementor-type=\"wp-page\" data-elementor-id=\"185\" class=\"elementor elementor-185\">\n\t\t\t\t\t\t<section class=\"elementor-section elementor-top-section elementor-element elementor-element-41ff514 elementor-section-boxed elementor-section-height-default elementor-section-height-default\" data-id=\"41ff514\" data-element_type=\"section\">\n\t\t\t\t\t\t<div class=\"elementor-container elementor-column-gap-default\">\n\t\t\t\t\t<div class=\"elementor-column elementor-col-100 elementor-top-column elementor-element elementor-element-84421b8\" data-id=\"84421b8\" data-element_type=\"column\">\n\t\t\t<div class=\"elementor-widget-wrap elementor-element-populated\">\n\t\t\t\t\t\t<div class=\"elementor-element elementor-element-3f9dd1f elementor-widget elementor-widget-heading\" data-id=\"3f9dd1f\" data-element_type=\"widget\" data-widget_type=\"heading.default\">\n\t\t\t\t<div class=\"elementor-widget-container\">\n\t\t\t\t\t<h2 class=\"elementor-heading-title elementor-size-default\">Leis que reconhecem a Profiss\u00e3o e os Cursos Livres de Forma\u00e7\u00e3o de Detetive Particular<\/h2>\t\t\t\t<\/div>\n\t\t\t\t<\/div>\n\t\t\t\t\t<\/div>\n\t\t<\/div>\n\t\t\t\t\t<\/div>\n\t\t<\/section>\n\t\t\t\t<section class=\"elementor-section elementor-top-section elementor-element elementor-element-f2df229 elementor-section-boxed elementor-section-height-default elementor-section-height-default\" data-id=\"f2df229\" data-element_type=\"section\">\n\t\t\t\t\t\t<div class=\"elementor-container elementor-column-gap-default\">\n\t\t\t\t\t<div class=\"elementor-column elementor-col-100 elementor-top-column elementor-element elementor-element-0ec1038\" data-id=\"0ec1038\" data-element_type=\"column\">\n\t\t\t<div class=\"elementor-widget-wrap elementor-element-populated\">\n\t\t\t\t\t\t<div class=\"elementor-element elementor-element-c0979a7 elementor-widget elementor-widget-text-editor\" data-id=\"c0979a7\" data-element_type=\"widget\" data-widget_type=\"text-editor.default\">\n\t\t\t\t<div class=\"elementor-widget-container\">\n\t\t\t\t\t\t\t\t\t<p><strong><span style=\"color: #ffffff;\">\u2013 A profiss\u00e3o de Detetive Particular (Detetive Profissional, Investigador Particular e outros sin\u00f4nimos) \u00e9 regida pela\u00a0LEI 13.432 DE 11 DE ABRIL DE 2017, que reconhece a profiss\u00e3o, permite a participa\u00e7\u00e3o condicionada em investiga\u00e7\u00f5es criminais \/ policiais, determina normas contratuais com os clientes, padroniza os laudos e relat\u00f3rios circunstanciados das investiga\u00e7\u00f5es e estabelece os direitos e deveres dos profissionais.<\/span><\/strong><\/p><p><strong><span style=\"color: #ffffff;\">\u2013 As atividades de intelig\u00eancia privada s\u00e3o RECONHECIDAS no pa\u00eds desde 1959, conforme\u00a0LEI 3.099\/57\u00a0e o\u00a0DECRETO FEDERAL 50.532\/61, ambos ainda em vigor.<\/span><\/strong><\/p><p><strong><span style=\"color: #ffffff;\">\u2013\u00a0 A Classifica\u00e7\u00e3o Brasileira de Ocupa\u00e7\u00f5es \u2013 CBO \u2013 do Minist\u00e9rio do Trabalho e Emprego classifica sob o\u00a0c\u00f3digo 3518-05\u00a0a atividade de AGENTES DE INVESTIGA\u00c7\u00c3O E IDENTIFICA\u00c7\u00c3O: AGENTE DE INVESTIGA\u00c7\u00c3O PRIVADA, INVESTIGADOR PARTICULAR, DETETIVE PARTICULAR, DETETIVE PROFISSIONAL. Assim o aluno poder\u00e1 trabalhar com REGISTRO EM CARTEIRA para Ag\u00eancias de Investiga\u00e7\u00f5es devidamente legalizadas, seja como Detetive ou como Auxiliar, e at\u00e9 mesmo em grandes empresas que possem setor de Intelig\u00eancia, Preven\u00e7\u00e3o de Fraudes, Preven\u00e7\u00e3o de Perdas, Furtos Continuados, etc.<\/span><\/strong><\/p><p><strong><span style=\"color: #ffffff;\">\u2013 A Classifica\u00e7\u00e3o Internacional Uniforme de Ocupa\u00e7\u00f5es \u2013 CIUO88 \u2013 da Organiza\u00e7\u00e3o Internacional do Trabalho \u2013 OIT \u2013 que \u00e9 um \u00f3rg\u00e3o da ONU, classifica sob o\u00a0c\u00f3digo 3450\u00a0a atividade de INSPECTORES DE POLICIA Y DETECTIVES.<\/span><\/strong><\/p><p><strong><span style=\"color: #ffffff;\">\u2013\u00a0 A Classifica\u00e7\u00e3o Nacional de Atividades Econ\u00f4micas \u2013 CNAE \u2013 do IBGE\/Minist\u00e9rio do Planejamento classifica sob o\u00a0c\u00f3digo 8030-7\/00\u00a0as ATIVIDADES DE INVESTIGA\u00c7\u00c3O PARTICULAR, AG\u00caNCIA DE DETETIVES PARTICULARES, SERVI\u00c7OS DE INVESTIGA\u00c7\u00c3O PRIVADA.<\/span><\/strong><\/p><p><strong><span style=\"color: #ffffff;\">\u2013 A Classifica\u00e7\u00e3o Nacional de Atividades Econ\u00f4micas \u2013 CNAE \u2013 do IBGE\/Minist\u00e9rio do Planejamento classifica sob o\u00a0c\u00f3digo 6911-7\/02\u00a0as ATIVIDADES AUXILIARES DA JUSTI\u00c7A, SERVI\u00c7OS DE PER\u00cdCIA JUDICIAL.<\/span><\/strong><\/p><p><strong><span style=\"color: #ffffff;\">\u2013 Em conformidade com a\u00a0Lei 12.030 de 17 de setembro de 2009\u00a0cujo VETO ao seu artigo 4\u00ba continua a permitir ao Judici\u00e1rio designar Peritos Particulares n\u00e3o Oficiais na falta dos Peritos Oficiais, de acordo com os\u00a0par\u00e1grafos 1\u00ba e 2\u00ba do art. 159 do C\u00f3digo de Processo Penal.<\/span><\/strong><\/p><p><strong><span style=\"color: #ffffff;\">\u2013 Diz a\u00a0Constitui\u00e7\u00e3o Federal em seu artigo 5\u00ba inciso XIII<\/span><\/strong><br \/><strong><span style=\"color: #ffffff;\"><i>\u201c\u00c9 LIVRE O EXERC\u00cdCIO DE QUALQUER TRABALHO, OF\u00cdCIO OU PROFISS\u00c3O,\u00a0ATENDIDAS AS QUALIFICA\u00c7\u00d5ES PROFISSIONAIS QUE A LEI ESTABELECER.\u201d<\/i><\/span><\/strong><\/p><p><strong><span style=\"color: #ffffff;\">\u2013 Diz a\u00a0Constitui\u00e7\u00e3o Federal em seu artigo 170\u00ba par\u00e1grafo \u00fanico<\/span><\/strong><br \/><strong><span style=\"color: #ffffff;\"><i>\u201c\u00c9 ASSEGURADO A TODOS O LIVRE EXERC\u00cdCIO DE QUALQUER ATIVIDADE ECON\u00d4MICA, INDEPENDENTEMENTE DE AUTORIZA\u00c7\u00c3O DE \u00d3RG\u00c3OS P\u00daBLICOS, SALVO NOS CASOS PREVISTOS EM LEI\u201d.<\/i><\/span><\/strong><\/p><p><strong><span style=\"color: #ffffff;\">\u2013 A nova Lei 13.432\/2017 estabelece que a profiss\u00e3o de Detetive Particular ainda \u00e9 considerada atividade de\u00a0LIVRE EXERC\u00cdCIO. Portanto, para seu exerc\u00edcio basta o aluno ser admitido por uma Ag\u00eancia de Investiga\u00e7\u00f5es devidamente legalizada, ou exercer a profiss\u00e3o como Detetive Particular Aut\u00f4nomo, mediante registro na prefeitura de sua cidade ou podendo ainda abrir uma EMPRESA DE INVESTIGA\u00c7\u00d5ES, caso a prefeitura local n\u00e3o permita tal atividade de forma aut\u00f4noma. Muitos exercem a profiss\u00e3o a partir de casa e sem nenhum registro, mas sugerimos aos alunos que fa\u00e7am pelo menos o registro como Detetive Particular junto ao INSS na condi\u00e7\u00e3o de contribuinte individual Aut\u00f4nomo.<\/span><\/strong><\/p><p><strong><span style=\"color: #ffffff;\">\u2013 N\u00e3o \u00e9 atribui\u00e7\u00e3o da Pol\u00edcia Civil ou da Pol\u00edcia Federal a fiscaliza\u00e7\u00e3o, autoriza\u00e7\u00e3o para funcionamento ou reconhecimento de cursos ou ag\u00eancias de Detetives Particulares.<\/span><\/strong><\/p>\t\t\t\t\t\t\t\t<\/div>\n\t\t\t\t<\/div>\n\t\t\t\t\t<\/div>\n\t\t<\/div>\n\t\t\t\t\t<\/div>\n\t\t<\/section>\n\t\t\t\t<\/div>\n\t\t","protected":false},"excerpt":{"rendered":"<p>Leis que reconhecem a Profiss\u00e3o e os Cursos Livres de Forma\u00e7\u00e3o de Detetive Particular \u2013 A profiss\u00e3o de Detetive Particular (Detetive Profissional, Investigador Particular e outros sin\u00f4nimos) \u00e9 regida pela\u00a0LEI 13.432 DE 11 DE ABRIL DE 2017, que reconhece a<\/p>\n","protected":false},"author":1,"featured_media":0,"parent":0,"menu_order":0,"comment_status":"closed","ping_status":"closed","template":"","meta":{"footnotes":""},"class_list":["post-185","page","type-page","status-publish","hentry"],"_links":{"self":[{"href":"https:\/\/agenciaargus.com\/cursos\/wp-json\/wp\/v2\/pages\/185","targetHints":{"allow":["GET"]}}],"collection":[{"href":"https:\/\/agenciaargus.com\/cursos\/wp-json\/wp\/v2\/pages"}],"about":[{"href":"https:\/\/agenciaargus.com\/cursos\/wp-json\/wp\/v2\/types\/page"}],"author":[{"embeddable":true,"href":"https:\/\/agenciaargus.com\/cursos\/wp-json\/wp\/v2\/users\/1"}],"replies":[{"embeddable":true,"href":"https:\/\/agenciaargus.com\/cursos\/wp-json\/wp\/v2\/comments?post=185"}],"version-history":[{"count":5,"href":"https:\/\/agenciaargus.com\/cursos\/wp-json\/wp\/v2\/pages\/185\/revisions"}],"predecessor-version":[{"id":190,"href":"https:\/\/agenciaargus.com\/cursos\/wp-json\/wp\/v2\/pages\/185\/revisions\/190"}],"wp:attachment":[{"href":"https:\/\/agenciaargus.com\/cursos\/wp-json\/wp\/v2\/media?parent=185"}],"curies":[{"name":"wp","href":"https:\/\/api.w.org\/{rel}","templated":true}]}}