{"id":27,"date":"2021-06-22T18:21:59","date_gmt":"2021-06-22T18:21:59","guid":{"rendered":"https:\/\/agenciaargus.com\/cursos\/?page_id=27"},"modified":"2021-06-25T00:22:32","modified_gmt":"2021-06-25T00:22:32","slug":"onde-atuar","status":"publish","type":"page","link":"https:\/\/agenciaargus.com\/cursos\/onde-atuar\/","title":{"rendered":"ONDE ATUAR"},"content":{"rendered":"\t\t<div data-elementor-type=\"wp-page\" data-elementor-id=\"27\" class=\"elementor elementor-27\">\n\t\t\t\t\t\t<section class=\"elementor-section elementor-top-section elementor-element elementor-element-2e600de elementor-section-boxed elementor-section-height-default elementor-section-height-default\" data-id=\"2e600de\" data-element_type=\"section\">\n\t\t\t\t\t\t<div class=\"elementor-container elementor-column-gap-default\">\n\t\t\t\t\t<div class=\"elementor-column elementor-col-100 elementor-top-column elementor-element elementor-element-0c14e2d\" data-id=\"0c14e2d\" data-element_type=\"column\">\n\t\t\t<div class=\"elementor-widget-wrap elementor-element-populated\">\n\t\t\t\t\t\t<div class=\"elementor-element elementor-element-f201a7a elementor-widget elementor-widget-heading\" data-id=\"f201a7a\" data-element_type=\"widget\" data-widget_type=\"heading.default\">\n\t\t\t\t<div class=\"elementor-widget-container\">\n\t\t\t\t\t<h2 class=\"elementor-heading-title elementor-size-default\">O DETETIVE PARTICULAR PODER\u00c1 EXERCER SUA PROFISS\u00c3O NOS SEGUINTES SETORES:<\/h2>\t\t\t\t<\/div>\n\t\t\t\t<\/div>\n\t\t\t\t\t<\/div>\n\t\t<\/div>\n\t\t\t\t\t<\/div>\n\t\t<\/section>\n\t\t\t\t<section class=\"elementor-section elementor-top-section elementor-element elementor-element-a0829e2 elementor-section-boxed elementor-section-height-default elementor-section-height-default\" data-id=\"a0829e2\" data-element_type=\"section\">\n\t\t\t\t\t\t<div class=\"elementor-container elementor-column-gap-default\">\n\t\t\t\t\t<div class=\"elementor-column elementor-col-100 elementor-top-column elementor-element elementor-element-94e7785\" data-id=\"94e7785\" data-element_type=\"column\">\n\t\t\t<div class=\"elementor-widget-wrap elementor-element-populated\">\n\t\t\t\t\t\t<div class=\"elementor-element elementor-element-4bcb0af elementor-widget elementor-widget-text-editor\" data-id=\"4bcb0af\" data-element_type=\"widget\" data-widget_type=\"text-editor.default\">\n\t\t\t\t<div class=\"elementor-widget-container\">\n\t\t\t\t\t\t\t\t\t<p><span style=\"color: #ffffff;\"><strong>1) Casos de infidelidade conjugal: acompanhamentos, levantamento por meio de registros telef\u00f4nicos, rastreamento e monitoramento da pessoa investigada por meio de fotos, v\u00eddeos, \u00e1udios e relat\u00f3rios.<\/strong><\/span><\/p><p><span style=\"color: #ffffff;\"><strong>2) Localiza\u00e7\u00e3o de pessoas, dados e informa\u00e7\u00f5es: busca realizada em sistemas de pesquisas, al\u00e9m do Detran e dos Cart\u00f3rios.<\/strong><\/span><\/p><p><span style=\"color: #ffffff;\"><strong>3) Casos empresariais: busca de provas para defesa em processos contra ex-funcion\u00e1rios, monitoramento dos concorrentes, sociedades, al\u00e9m de informa\u00e7\u00f5es gerais sobre o objeto pesquisado.<\/strong><\/span><\/p><p><span style=\"color: #ffffff;\"><strong>4) Localiza\u00e7\u00e3o de pessoas desaparecidas: pessoas separadas pelo destino, tais como: amigos, irm\u00e3os, um amor do passado, um filho procurando seus pais e vice-versa.<\/strong><\/span><\/p><p><span style=\"color: #ffffff;\"><strong>5) Pesquisa em cart\u00f3rios: levantamento espec\u00edfico em busca de im\u00f3veis e documentos oficiais tais como: registro de nascimento, casamento, \u00f3bito e protestos.<\/strong><\/span><\/p><p><span style=\"color: #ffffff;\"><strong>6) Casos de dependentes qu\u00edmicos: acompanhamento de pessoas envolvidas com drogas.<\/strong><\/span><\/p><p><span style=\"color: #ffffff;\"><strong>7) Averigua\u00e7\u00f5es em geral: incluindo fotos de propriedades, de ve\u00edculos em determinados locais, pequenos acompanhamentos moment\u00e2neos, localiza\u00e7\u00e3o de pessoa em um determinado local.<\/strong><\/span><\/p>\t\t\t\t\t\t\t\t<\/div>\n\t\t\t\t<\/div>\n\t\t\t\t\t<\/div>\n\t\t<\/div>\n\t\t\t\t\t<\/div>\n\t\t<\/section>\n\t\t\t\t<section class=\"elementor-section elementor-top-section elementor-element elementor-element-60bc055 elementor-section-boxed elementor-section-height-default elementor-section-height-default\" data-id=\"60bc055\" data-element_type=\"section\">\n\t\t\t\t\t\t<div class=\"elementor-container elementor-column-gap-default\">\n\t\t\t\t\t<div class=\"elementor-column elementor-col-100 elementor-top-column elementor-element elementor-element-3988098\" data-id=\"3988098\" data-element_type=\"column\">\n\t\t\t<div class=\"elementor-widget-wrap elementor-element-populated\">\n\t\t\t\t\t\t<div class=\"elementor-element elementor-element-0c723ea elementor-widget elementor-widget-heading\" data-id=\"0c723ea\" data-element_type=\"widget\" data-widget_type=\"heading.default\">\n\t\t\t\t<div class=\"elementor-widget-container\">\n\t\t\t\t\t<h2 class=\"elementor-heading-title elementor-size-default\">BENEF\u00cdCIOS DA PROFISS\u00c3O DE DETETIVE PARTICULAR<\/h2>\t\t\t\t<\/div>\n\t\t\t\t<\/div>\n\t\t\t\t\t<\/div>\n\t\t<\/div>\n\t\t\t\t\t<\/div>\n\t\t<\/section>\n\t\t\t\t<section class=\"elementor-section elementor-top-section elementor-element elementor-element-fcc775c elementor-section-boxed elementor-section-height-default elementor-section-height-default\" data-id=\"fcc775c\" data-element_type=\"section\">\n\t\t\t\t\t\t<div class=\"elementor-container elementor-column-gap-default\">\n\t\t\t\t\t<div class=\"elementor-column elementor-col-100 elementor-top-column elementor-element elementor-element-bc5b197\" data-id=\"bc5b197\" data-element_type=\"column\">\n\t\t\t<div class=\"elementor-widget-wrap elementor-element-populated\">\n\t\t\t\t\t\t<div class=\"elementor-element elementor-element-978a7ba elementor-widget elementor-widget-text-editor\" data-id=\"978a7ba\" data-element_type=\"widget\" data-widget_type=\"text-editor.default\">\n\t\t\t\t<div class=\"elementor-widget-container\">\n\t\t\t\t\t\t\t\t\t<h3 id=\"beneficios\" class=\"mt-5\">\u00a0<\/h3><ul class=\"normal\"><li><span style=\"color: #ffffff;\"><strong>Excelente remunera\u00e7\u00e3o;<\/strong><\/span><\/li><li><span style=\"color: #ffffff;\"><strong>Recompensa. O Detetive auxilia pessoas f\u00edsicas e jur\u00eddicas na resolu\u00e7\u00e3o de seus problemas;<\/strong><\/span><\/li><li><span style=\"color: #ffffff;\"><strong>Realiza\u00e7\u00e3o pelo cumprimento do dever;<\/strong><\/span><\/li><li><span style=\"color: #ffffff;\"><strong>Um Detetive Particular bem-sucedido destaca-se no meio;<\/strong><\/span><\/li><li><span style=\"color: #ffffff;\"><strong>Um Detetive favorece a hist\u00f3ria de muitas pessoas;<\/strong><\/span><\/li><li><span style=\"color: #ffffff;\"><strong>Propicia na contribui\u00e7\u00e3o da resolu\u00e7\u00e3o dos dramas pessoais.<\/strong><\/span><\/li><\/ul>\t\t\t\t\t\t\t\t<\/div>\n\t\t\t\t<\/div>\n\t\t\t\t\t<\/div>\n\t\t<\/div>\n\t\t\t\t\t<\/div>\n\t\t<\/section>\n\t\t\t\t<\/div>\n\t\t","protected":false},"excerpt":{"rendered":"<p>O DETETIVE PARTICULAR PODER\u00c1 EXERCER SUA PROFISS\u00c3O NOS SEGUINTES SETORES: 1) Casos de infidelidade conjugal: acompanhamentos, levantamento por meio de registros telef\u00f4nicos, rastreamento e monitoramento da pessoa investigada por meio de fotos, v\u00eddeos, \u00e1udios e relat\u00f3rios. 2) Localiza\u00e7\u00e3o de pessoas,<\/p>\n","protected":false},"author":1,"featured_media":0,"parent":0,"menu_order":0,"comment_status":"closed","ping_status":"closed","template":"","meta":{"footnotes":""},"class_list":["post-27","page","type-page","status-publish","hentry"],"_links":{"self":[{"href":"https:\/\/agenciaargus.com\/cursos\/wp-json\/wp\/v2\/pages\/27","targetHints":{"allow":["GET"]}}],"collection":[{"href":"https:\/\/agenciaargus.com\/cursos\/wp-json\/wp\/v2\/pages"}],"about":[{"href":"https:\/\/agenciaargus.com\/cursos\/wp-json\/wp\/v2\/types\/page"}],"author":[{"embeddable":true,"href":"https:\/\/agenciaargus.com\/cursos\/wp-json\/wp\/v2\/users\/1"}],"replies":[{"embeddable":true,"href":"https:\/\/agenciaargus.com\/cursos\/wp-json\/wp\/v2\/comments?post=27"}],"version-history":[{"count":21,"href":"https:\/\/agenciaargus.com\/cursos\/wp-json\/wp\/v2\/pages\/27\/revisions"}],"predecessor-version":[{"id":183,"href":"https:\/\/agenciaargus.com\/cursos\/wp-json\/wp\/v2\/pages\/27\/revisions\/183"}],"wp:attachment":[{"href":"https:\/\/agenciaargus.com\/cursos\/wp-json\/wp\/v2\/media?parent=27"}],"curies":[{"name":"wp","href":"https:\/\/api.w.org\/{rel}","templated":true}]}}