{"id":9,"date":"2021-06-17T17:17:36","date_gmt":"2021-06-17T17:17:36","guid":{"rendered":"https:\/\/agenciaargus.com\/cursos\/?page_id=9"},"modified":"2021-12-13T19:35:09","modified_gmt":"2021-12-13T19:35:09","slug":"bem-vindo","status":"publish","type":"page","link":"https:\/\/agenciaargus.com\/cursos\/","title":{"rendered":"BEM VINDO"},"content":{"rendered":"\t\t<div data-elementor-type=\"wp-page\" data-elementor-id=\"9\" class=\"elementor elementor-9\">\n\t\t\t\t\t\t<section class=\"elementor-section elementor-top-section elementor-element elementor-element-6682027 elementor-section-boxed elementor-section-height-default elementor-section-height-default\" data-id=\"6682027\" data-element_type=\"section\">\n\t\t\t\t\t\t<div class=\"elementor-container elementor-column-gap-default\">\n\t\t\t\t\t<div class=\"elementor-column elementor-col-100 elementor-top-column elementor-element elementor-element-12eff88\" data-id=\"12eff88\" data-element_type=\"column\">\n\t\t\t<div class=\"elementor-widget-wrap elementor-element-populated\">\n\t\t\t\t\t\t<div class=\"elementor-element elementor-element-caaf897 elementor-widget elementor-widget-spacer\" data-id=\"caaf897\" data-element_type=\"widget\" data-widget_type=\"spacer.default\">\n\t\t\t\t<div class=\"elementor-widget-container\">\n\t\t\t\t\t\t\t<div class=\"elementor-spacer\">\n\t\t\t<div class=\"elementor-spacer-inner\"><\/div>\n\t\t<\/div>\n\t\t\t\t\t\t<\/div>\n\t\t\t\t<\/div>\n\t\t\t\t\t<\/div>\n\t\t<\/div>\n\t\t\t\t\t<\/div>\n\t\t<\/section>\n\t\t\t\t<section class=\"elementor-section elementor-top-section elementor-element elementor-element-a3ef225 elementor-section-boxed elementor-section-height-default elementor-section-height-default\" data-id=\"a3ef225\" data-element_type=\"section\">\n\t\t\t\t\t\t<div class=\"elementor-container elementor-column-gap-default\">\n\t\t\t\t\t<div class=\"elementor-column elementor-col-50 elementor-top-column elementor-element elementor-element-4ad0e5e\" data-id=\"4ad0e5e\" data-element_type=\"column\">\n\t\t\t<div class=\"elementor-widget-wrap\">\n\t\t\t\t\t\t\t<\/div>\n\t\t<\/div>\n\t\t\t\t<div class=\"elementor-column elementor-col-50 elementor-top-column elementor-element elementor-element-9cfe1ae\" data-id=\"9cfe1ae\" data-element_type=\"column\">\n\t\t\t<div class=\"elementor-widget-wrap elementor-element-populated\">\n\t\t\t\t\t\t<div class=\"elementor-element elementor-element-db0dce1 elementor-widget elementor-widget-heading\" data-id=\"db0dce1\" data-element_type=\"widget\" data-widget_type=\"heading.default\">\n\t\t\t\t<div class=\"elementor-widget-container\">\n\t\t\t\t\t<h1 class=\"elementor-heading-title elementor-size-default\">CURSO DE DETETIVE PARTICULAR<\/h1>\t\t\t\t<\/div>\n\t\t\t\t<\/div>\n\t\t\t\t\t<\/div>\n\t\t<\/div>\n\t\t\t\t\t<\/div>\n\t\t<\/section>\n\t\t\t\t<section class=\"elementor-section elementor-top-section elementor-element elementor-element-efdb3a6 elementor-section-boxed elementor-section-height-default elementor-section-height-default\" data-id=\"efdb3a6\" data-element_type=\"section\">\n\t\t\t\t\t\t<div class=\"elementor-container elementor-column-gap-default\">\n\t\t\t\t\t<div class=\"elementor-column elementor-col-100 elementor-top-column elementor-element elementor-element-375acc2\" data-id=\"375acc2\" data-element_type=\"column\">\n\t\t\t<div class=\"elementor-widget-wrap elementor-element-populated\">\n\t\t\t\t\t\t\t<\/div>\n\t\t<\/div>\n\t\t\t\t\t<\/div>\n\t\t<\/section>\n\t\t\t\t<section class=\"elementor-section elementor-top-section elementor-element elementor-element-95493a7 elementor-section-boxed elementor-section-height-default elementor-section-height-default\" data-id=\"95493a7\" data-element_type=\"section\">\n\t\t\t\t\t\t<div class=\"elementor-container elementor-column-gap-default\">\n\t\t\t\t\t<div class=\"elementor-column elementor-col-50 elementor-top-column elementor-element elementor-element-fb4ffab\" data-id=\"fb4ffab\" data-element_type=\"column\">\n\t\t\t<div class=\"elementor-widget-wrap elementor-element-populated\">\n\t\t\t\t\t\t<div class=\"elementor-element elementor-element-1d34eed elementor-widget elementor-widget-image\" data-id=\"1d34eed\" data-element_type=\"widget\" data-widget_type=\"image.default\">\n\t\t\t\t<div class=\"elementor-widget-container\">\n\t\t\t\t\t\t\t\t\t\t\t\t\t\t\t<img fetchpriority=\"high\" decoding=\"async\" width=\"678\" height=\"600\" src=\"https:\/\/agenciaargus.com\/cursos\/wp-content\/uploads\/2021\/06\/BRASAO.fw_-1.png\" class=\"attachment-large size-large wp-image-82\" alt=\"\" srcset=\"https:\/\/agenciaargus.com\/cursos\/wp-content\/uploads\/2021\/06\/BRASAO.fw_-1.png 678w, https:\/\/agenciaargus.com\/cursos\/wp-content\/uploads\/2021\/06\/BRASAO.fw_-1-300x265.png 300w\" sizes=\"(max-width: 678px) 100vw, 678px\" \/>\t\t\t\t\t\t\t\t\t\t\t\t\t\t\t<\/div>\n\t\t\t\t<\/div>\n\t\t\t\t\t<\/div>\n\t\t<\/div>\n\t\t\t\t<div class=\"elementor-column elementor-col-50 elementor-top-column elementor-element elementor-element-c38c495\" data-id=\"c38c495\" data-element_type=\"column\">\n\t\t\t<div class=\"elementor-widget-wrap elementor-element-populated\">\n\t\t\t\t\t\t<div class=\"elementor-element elementor-element-b2ac496 elementor-widget elementor-widget-text-editor\" data-id=\"b2ac496\" data-element_type=\"widget\" data-widget_type=\"text-editor.default\">\n\t\t\t\t<div class=\"elementor-widget-container\">\n\t\t\t\t\t\t\t\t\t<p style=\"text-align: justify;\"><strong><span style=\"color: #999999;\">Voc\u00ea que \u00e9 jovem e ainda n\u00e3o definiu a sua profiss\u00e3o, ou voc\u00ea que est\u00e1 insatisfeito com a sua atividade atual, ou, ainda, vc que busca novos rumos na sua vida\u2026 venha fazer o nosso tradicional e exclusivo CURSO DE DETETIVE PARTICULAR, e, saia, com a expertise e a habilita\u00e7\u00e3o necess\u00e1ria para ser o novo profissional da espionagem nacional e, quem sabe, internacional.<\/span><\/strong><\/p>\t\t\t\t\t\t\t\t<\/div>\n\t\t\t\t<\/div>\n\t\t\t\t<div class=\"elementor-element elementor-element-2267184 elementor-widget elementor-widget-heading\" data-id=\"2267184\" data-element_type=\"widget\" data-widget_type=\"heading.default\">\n\t\t\t\t<div class=\"elementor-widget-container\">\n\t\t\t\t\t<h1 class=\"elementor-heading-title elementor-size-default\">SEJA UM DETETIVE VOC\u00ca TAMB\u00c9M!!!<\/h1>\t\t\t\t<\/div>\n\t\t\t\t<\/div>\n\t\t\t\t<div class=\"elementor-element elementor-element-0c77800 elementor-widget elementor-widget-text-editor\" data-id=\"0c77800\" data-element_type=\"widget\" data-widget_type=\"text-editor.default\">\n\t\t\t\t<div class=\"elementor-widget-container\">\n\t\t\t\t\t\t\t\t\t<h2 style=\"text-align: center;\"><span style=\"color: #ffcc00;\"><strong>Somos o \u00fanico curso presencial do Brasil.<\/strong><\/span><\/h2>\t\t\t\t\t\t\t\t<\/div>\n\t\t\t\t<\/div>\n\t\t\t\t<div class=\"elementor-element elementor-element-a1660d1 elementor-tabs-view-horizontal elementor-widget elementor-widget-tabs\" data-id=\"a1660d1\" data-element_type=\"widget\" data-widget_type=\"tabs.default\">\n\t\t\t\t<div class=\"elementor-widget-container\">\n\t\t\t\t\t\t\t<div class=\"elementor-tabs\">\n\t\t\t<div class=\"elementor-tabs-wrapper\" role=\"tablist\" >\n\t\t\t\t\t\t\t\t\t<div id=\"elementor-tab-title-1691\" class=\"elementor-tab-title elementor-tab-desktop-title\" aria-selected=\"true\" data-tab=\"1\" role=\"tab\" tabindex=\"0\" aria-controls=\"elementor-tab-content-1691\" aria-expanded=\"false\">CURSO EXPRESS <\/div>\n\t\t\t\t\t\t\t\t\t<div id=\"elementor-tab-title-1692\" class=\"elementor-tab-title elementor-tab-desktop-title\" aria-selected=\"false\" data-tab=\"2\" role=\"tab\" tabindex=\"-1\" aria-controls=\"elementor-tab-content-1692\" aria-expanded=\"false\">CURSO SILVER<\/div>\n\t\t\t\t\t\t\t\t\t<div id=\"elementor-tab-title-1693\" class=\"elementor-tab-title elementor-tab-desktop-title\" aria-selected=\"false\" data-tab=\"3\" role=\"tab\" tabindex=\"-1\" aria-controls=\"elementor-tab-content-1693\" aria-expanded=\"false\">CURSO GOLD<\/div>\n\t\t\t\t\t\t\t<\/div>\n\t\t\t<div class=\"elementor-tabs-content-wrapper\" role=\"tablist\" aria-orientation=\"vertical\">\n\t\t\t\t\t\t\t\t\t<div class=\"elementor-tab-title elementor-tab-mobile-title\" aria-selected=\"true\" data-tab=\"1\" role=\"tab\" tabindex=\"0\" aria-controls=\"elementor-tab-content-1691\" aria-expanded=\"false\">CURSO EXPRESS <\/div>\n\t\t\t\t\t<div id=\"elementor-tab-content-1691\" class=\"elementor-tab-content elementor-clearfix\" data-tab=\"1\" role=\"tabpanel\" aria-labelledby=\"elementor-tab-title-1691\" tabindex=\"0\" hidden=\"false\"><p><span style=\"color: #ffffff;\"><strong><span class=\"JsGRdQ\">O Curso Express (N\u00edvel B\u00e1sico) \u00e9 indicado para quem quer ter no\u00e7\u00f5es b\u00e1sicas de investiga\u00e7\u00e3o privada.<\/span><\/strong><\/span><\/p><p><span style=\"color: #ffffff;\"><strong><span class=\"JsGRdQ\">Investimento: <span style=\"color: #ffff00;\">R$ 500,00<\/span><\/span><\/strong><\/span><\/p><p><strong>Dura\u00e7\u00e3o: 1 (um) dia (aos s\u00e1bados), ou 2 (dois) dias (segunda\/ter\u00e7a\/quarta\/quinta\/sexta)<\/strong><\/p><p><span style=\"color: #ffff00;\"><strong>CARGA HOR\u00c1RIA DO CURSO: 6 HORAS. (AULAS TE\u00d3RICAS)<\/strong><\/span><\/p><p><span style=\"text-decoration: underline;\"><span style=\"color: #ffff00;\"><strong>N\u00c3O POSSUI EST\u00c1GIO NO CURSO EXPRESS N\u00cdVEL B\u00c1SICO\u00a0<\/strong><\/span><\/span><\/p><\/div>\n\t\t\t\t\t\t\t\t\t<div class=\"elementor-tab-title elementor-tab-mobile-title\" aria-selected=\"false\" data-tab=\"2\" role=\"tab\" tabindex=\"-1\" aria-controls=\"elementor-tab-content-1692\" aria-expanded=\"false\">CURSO SILVER<\/div>\n\t\t\t\t\t<div id=\"elementor-tab-content-1692\" class=\"elementor-tab-content elementor-clearfix\" data-tab=\"2\" role=\"tabpanel\" aria-labelledby=\"elementor-tab-title-1692\" tabindex=\"0\" hidden=\"hidden\"><p><span style=\"color: #ffffff;\"><strong><span class=\"JsGRdQ\">O Curso Silver (N\u00edvel M\u00e9dio) \u00e9 indicado para quem deseja ser um profissional de Investiga\u00e7\u00e3o Privada. (Detetive Particular), e exercer a profiss\u00e3o com excel\u00eancia e comprometimento.<\/span><\/strong><\/span><\/p><p><span style=\"color: #ffffff;\"><strong><span class=\"JsGRdQ\">Investimento: <span style=\"color: #ffff00;\">R$ 2.500,00<\/span><\/span><\/strong><\/span><\/p><p><strong>Dura\u00e7\u00e3o: 2 (dois) dias.<\/strong><\/p><p><span style=\"color: #ffff00;\"><strong>CARGA HOR\u00c1RIA DO CURSO: 10 HORAS. (AULAS TE\u00d3RICAS)<\/strong><\/span><\/p><p><span style=\"color: #ffff00;\"><strong>EST\u00c1GIO DE 15 HORAS.<\/strong><\/span><\/p><\/div>\n\t\t\t\t\t\t\t\t\t<div class=\"elementor-tab-title elementor-tab-mobile-title\" aria-selected=\"false\" data-tab=\"3\" role=\"tab\" tabindex=\"-1\" aria-controls=\"elementor-tab-content-1693\" aria-expanded=\"false\">CURSO GOLD<\/div>\n\t\t\t\t\t<div id=\"elementor-tab-content-1693\" class=\"elementor-tab-content elementor-clearfix\" data-tab=\"3\" role=\"tabpanel\" aria-labelledby=\"elementor-tab-title-1693\" tabindex=\"0\" hidden=\"hidden\"><p><strong><span class=\"JsGRdQ\" style=\"color: #ffffff;\">O Curso Gold (N\u00edvel Avan\u00e7ado) \u00e9 indicado para quem pretende fazer investiga\u00e7\u00f5es em n\u00edvel internacional.<\/span><\/strong><\/p><p><span style=\"color: #ffffff;\"><strong><span class=\"JsGRdQ\">Investimento: <span style=\"color: #ffff00;\">R$ 5.000,00<\/span><\/span><\/strong><\/span><\/p><p><strong>Dura\u00e7\u00e3o: 4 (quatro) dias.<\/strong><\/p><p><span style=\"color: #ffff00;\"><strong>CARGA HOR\u00c1RIA DO CURSO: 20 HORAS. (AULAS TE\u00d3RICAS)<\/strong><\/span><\/p><p><span style=\"color: #ffff00;\"><strong>EST\u00c1GIO DE 20 HORAS.<\/strong><\/span><\/p><\/div>\n\t\t\t\t\t\t\t<\/div>\n\t\t<\/div>\n\t\t\t\t\t\t<\/div>\n\t\t\t\t<\/div>\n\t\t\t\t\t<\/div>\n\t\t<\/div>\n\t\t\t\t\t<\/div>\n\t\t<\/section>\n\t\t\t\t<section class=\"elementor-section elementor-top-section elementor-element elementor-element-d91bc97 elementor-section-boxed elementor-section-height-default elementor-section-height-default\" data-id=\"d91bc97\" data-element_type=\"section\">\n\t\t\t\t\t\t<div class=\"elementor-container elementor-column-gap-default\">\n\t\t\t\t\t<div class=\"elementor-column elementor-col-100 elementor-top-column elementor-element elementor-element-391532f\" data-id=\"391532f\" data-element_type=\"column\">\n\t\t\t<div class=\"elementor-widget-wrap elementor-element-populated\">\n\t\t\t\t\t\t<div class=\"elementor-element elementor-element-73019d2 elementor-widget elementor-widget-text-editor\" data-id=\"73019d2\" data-element_type=\"widget\" data-widget_type=\"text-editor.default\">\n\t\t\t\t<div class=\"elementor-widget-container\">\n\t\t\t\t\t\t\t\t\t<hr \/>\t\t\t\t\t\t\t\t<\/div>\n\t\t\t\t<\/div>\n\t\t\t\t\t<\/div>\n\t\t<\/div>\n\t\t\t\t\t<\/div>\n\t\t<\/section>\n\t\t\t\t<section class=\"elementor-section elementor-top-section elementor-element elementor-element-0be4de3 elementor-section-boxed elementor-section-height-default elementor-section-height-default\" data-id=\"0be4de3\" data-element_type=\"section\">\n\t\t\t\t\t\t<div class=\"elementor-container elementor-column-gap-default\">\n\t\t\t\t\t<div class=\"elementor-column elementor-col-50 elementor-top-column elementor-element elementor-element-d5dcff2\" data-id=\"d5dcff2\" data-element_type=\"column\">\n\t\t\t<div class=\"elementor-widget-wrap\">\n\t\t\t\t\t\t\t<\/div>\n\t\t<\/div>\n\t\t\t\t<div class=\"elementor-column elementor-col-50 elementor-top-column elementor-element elementor-element-1818378\" data-id=\"1818378\" data-element_type=\"column\">\n\t\t\t<div class=\"elementor-widget-wrap elementor-element-populated\">\n\t\t\t\t\t\t<div class=\"elementor-element elementor-element-60c5b13 elementor-widget elementor-widget-text-editor\" data-id=\"60c5b13\" data-element_type=\"widget\" data-widget_type=\"text-editor.default\">\n\t\t\t\t<div class=\"elementor-widget-container\">\n\t\t\t\t\t\t\t\t\t<p><span style=\"color: #ffffff;\"><strong>Nosso corpo docente \u00e9 composto por profissionais de vasta e extensa experi\u00eancia profissional, tanto no Brasil como no exterior. <\/strong><\/span><\/p><p><span style=\"color: #ffffff;\"><strong>Aprenda com profissionais altamente qualificados, que s\u00e3o refer\u00eancia no exerc\u00edcio da profiss\u00e3o de DETETIVE PARTICULAR.<\/strong><\/span><\/p>\t\t\t\t\t\t\t\t<\/div>\n\t\t\t\t<\/div>\n\t\t\t\t\t<\/div>\n\t\t<\/div>\n\t\t\t\t\t<\/div>\n\t\t<\/section>\n\t\t\t\t<section class=\"elementor-section elementor-top-section elementor-element elementor-element-65fe236 elementor-section-boxed elementor-section-height-default elementor-section-height-default\" data-id=\"65fe236\" data-element_type=\"section\">\n\t\t\t\t\t\t<div class=\"elementor-container elementor-column-gap-default\">\n\t\t\t\t\t<div class=\"elementor-column elementor-col-50 elementor-top-column elementor-element elementor-element-a337230\" data-id=\"a337230\" data-element_type=\"column\">\n\t\t\t<div class=\"elementor-widget-wrap elementor-element-populated\">\n\t\t\t\t\t\t<div class=\"elementor-element elementor-element-49a1673 elementor-view-default elementor-widget elementor-widget-icon\" data-id=\"49a1673\" data-element_type=\"widget\" data-widget_type=\"icon.default\">\n\t\t\t\t<div class=\"elementor-widget-container\">\n\t\t\t\t\t\t\t<div class=\"elementor-icon-wrapper\">\n\t\t\t<div class=\"elementor-icon\">\n\t\t\t<i aria-hidden=\"true\" class=\"fas fa-certificate\"><\/i>\t\t\t<\/div>\n\t\t<\/div>\n\t\t\t\t\t\t<\/div>\n\t\t\t\t<\/div>\n\t\t\t\t\t<\/div>\n\t\t<\/div>\n\t\t\t\t<div class=\"elementor-column elementor-col-50 elementor-top-column elementor-element elementor-element-87d49e8\" data-id=\"87d49e8\" data-element_type=\"column\">\n\t\t\t<div class=\"elementor-widget-wrap elementor-element-populated\">\n\t\t\t\t\t\t<div class=\"elementor-element elementor-element-9ab6f57 elementor-widget elementor-widget-heading\" data-id=\"9ab6f57\" data-element_type=\"widget\" data-widget_type=\"heading.default\">\n\t\t\t\t<div class=\"elementor-widget-container\">\n\t\t\t\t\t<h2 class=\"elementor-heading-title elementor-size-default\">CERTIFICADO DE CONCLUS\u00c3O<\/h2>\t\t\t\t<\/div>\n\t\t\t\t<\/div>\n\t\t\t\t<div class=\"elementor-element elementor-element-5d2f2d4 elementor-widget elementor-widget-text-editor\" data-id=\"5d2f2d4\" data-element_type=\"widget\" data-widget_type=\"text-editor.default\">\n\t\t\t\t<div class=\"elementor-widget-container\">\n\t\t\t\t\t\t\t\t\t<p><strong><span style=\"color: #999999;\">Ap\u00f3s concluir o curso, voc\u00ea receber\u00e1 o certificado de conclus\u00e3o de Detetive Particular Profissonal impresso e autenticado por nossa empresa<\/span><\/strong><\/p>\t\t\t\t\t\t\t\t<\/div>\n\t\t\t\t<\/div>\n\t\t\t\t\t<\/div>\n\t\t<\/div>\n\t\t\t\t\t<\/div>\n\t\t<\/section>\n\t\t\t\t<section class=\"elementor-section elementor-top-section elementor-element elementor-element-b19e128 elementor-section-boxed elementor-section-height-default elementor-section-height-default\" data-id=\"b19e128\" data-element_type=\"section\">\n\t\t\t\t\t\t<div class=\"elementor-container elementor-column-gap-default\">\n\t\t\t\t\t<div class=\"elementor-column elementor-col-50 elementor-top-column elementor-element elementor-element-ae175ec\" data-id=\"ae175ec\" data-element_type=\"column\">\n\t\t\t<div class=\"elementor-widget-wrap elementor-element-populated\">\n\t\t\t\t\t\t<div class=\"elementor-element elementor-element-25d162e elementor-view-default elementor-widget elementor-widget-icon\" data-id=\"25d162e\" data-element_type=\"widget\" data-widget_type=\"icon.default\">\n\t\t\t\t<div class=\"elementor-widget-container\">\n\t\t\t\t\t\t\t<div class=\"elementor-icon-wrapper\">\n\t\t\t<div class=\"elementor-icon\">\n\t\t\t<i aria-hidden=\"true\" class=\"fas fa-wallet\"><\/i>\t\t\t<\/div>\n\t\t<\/div>\n\t\t\t\t\t\t<\/div>\n\t\t\t\t<\/div>\n\t\t\t\t\t<\/div>\n\t\t<\/div>\n\t\t\t\t<div class=\"elementor-column elementor-col-50 elementor-top-column elementor-element elementor-element-1194ea1\" data-id=\"1194ea1\" data-element_type=\"column\">\n\t\t\t<div class=\"elementor-widget-wrap elementor-element-populated\">\n\t\t\t\t\t\t<div class=\"elementor-element elementor-element-85b7f47 elementor-widget elementor-widget-heading\" data-id=\"85b7f47\" data-element_type=\"widget\" data-widget_type=\"heading.default\">\n\t\t\t\t<div class=\"elementor-widget-container\">\n\t\t\t\t\t<h2 class=\"elementor-heading-title elementor-size-default\">PORTA DOCUMENTOS E CARTEIRA DE DETETIVE PARTICULAR<\/h2>\t\t\t\t<\/div>\n\t\t\t\t<\/div>\n\t\t\t\t<div class=\"elementor-element elementor-element-e173def elementor-widget elementor-widget-text-editor\" data-id=\"e173def\" data-element_type=\"widget\" data-widget_type=\"text-editor.default\">\n\t\t\t\t<div class=\"elementor-widget-container\">\n\t\t\t\t\t\t\t\t\t<p><strong><span style=\"color: #999999;\">Al\u00e9m do certificado, ao concluir o curso receber\u00e1 tamb\u00e9m a Carteira e Porta Documentos de Detetive Particular Profissional com o emblema de nossa Ag\u00eancia de Detetives<\/span><\/strong><\/p>\t\t\t\t\t\t\t\t<\/div>\n\t\t\t\t<\/div>\n\t\t\t\t\t<\/div>\n\t\t<\/div>\n\t\t\t\t\t<\/div>\n\t\t<\/section>\n\t\t\t\t<\/div>\n\t\t","protected":false},"excerpt":{"rendered":"<p>CURSO DE DETETIVE PARTICULAR Voc\u00ea que \u00e9 jovem e ainda n\u00e3o definiu a sua profiss\u00e3o, ou voc\u00ea que est\u00e1 insatisfeito com a sua atividade atual, ou, ainda, vc que busca novos rumos na sua vida\u2026 venha fazer o nosso tradicional<\/p>\n","protected":false},"author":1,"featured_media":0,"parent":0,"menu_order":0,"comment_status":"closed","ping_status":"closed","template":"elementor_header_footer","meta":{"footnotes":""},"class_list":["post-9","page","type-page","status-publish","hentry"],"_links":{"self":[{"href":"https:\/\/agenciaargus.com\/cursos\/wp-json\/wp\/v2\/pages\/9","targetHints":{"allow":["GET"]}}],"collection":[{"href":"https:\/\/agenciaargus.com\/cursos\/wp-json\/wp\/v2\/pages"}],"about":[{"href":"https:\/\/agenciaargus.com\/cursos\/wp-json\/wp\/v2\/types\/page"}],"author":[{"embeddable":true,"href":"https:\/\/agenciaargus.com\/cursos\/wp-json\/wp\/v2\/users\/1"}],"replies":[{"embeddable":true,"href":"https:\/\/agenciaargus.com\/cursos\/wp-json\/wp\/v2\/comments?post=9"}],"version-history":[{"count":102,"href":"https:\/\/agenciaargus.com\/cursos\/wp-json\/wp\/v2\/pages\/9\/revisions"}],"predecessor-version":[{"id":563,"href":"https:\/\/agenciaargus.com\/cursos\/wp-json\/wp\/v2\/pages\/9\/revisions\/563"}],"wp:attachment":[{"href":"https:\/\/agenciaargus.com\/cursos\/wp-json\/wp\/v2\/media?parent=9"}],"curies":[{"name":"wp","href":"https:\/\/api.w.org\/{rel}","templated":true}]}}