{"id":12,"date":"2021-06-29T20:44:33","date_gmt":"2021-06-29T20:44:33","guid":{"rendered":"https:\/\/agenciaargus.com\/lojaargus\/?page_id=12"},"modified":"2021-08-09T15:16:09","modified_gmt":"2021-08-09T15:16:09","slug":"loja","status":"publish","type":"page","link":"https:\/\/agenciaargus.com\/lojaargus\/","title":{"rendered":"PORTUGU\u00caS"},"content":{"rendered":"<h2><span style=\"color: #ffcc00;\">NOSSA LOJA<\/span><\/h2>\n<p style=\"text-align: justify;\"><span style=\"color: #ffffff;\"><strong>Venham conhecer a nossa loja f\u00edsica de equipamentos de seguran\u00e7a, espionagem e contraespionagem, de modo que individualmente cada cliente possa encontrar, atrav\u00e9s da tecnologia, equipamentos de preven\u00e7\u00e3o e repress\u00e3o aos seus problemas.<\/strong><\/span><\/p>\n<p style=\"text-align: justify;\"><span style=\"color: #ffffff;\"><strong>Cada cliente ter\u00e1 seu caso estudado, de forma\u00a0 particular e artesanal pelos n<\/strong><strong>ossos profissionais altamente qualificados e especializados no ramo da intelig\u00eancia.<\/strong><\/span><\/p>\n<div id='gallery-1' class='gallery galleryid-12 gallery-columns-3 gallery-size-medium'><figure class='gallery-item'>\n\t\t\t<div class='gallery-icon portrait'>\n\t\t\t\t<a href='https:\/\/agenciaargus.com\/lojaargus\/wp-content\/uploads\/2021\/06\/WhatsApp-Image-2021-06-27-at-12.39.09-PM.jpeg'><img loading=\"lazy\" decoding=\"async\" width=\"224\" height=\"300\" src=\"https:\/\/agenciaargus.com\/lojaargus\/wp-content\/uploads\/2021\/06\/WhatsApp-Image-2021-06-27-at-12.39.09-PM-224x300.jpeg\" class=\"attachment-medium size-medium\" alt=\"\" srcset=\"https:\/\/agenciaargus.com\/lojaargus\/wp-content\/uploads\/2021\/06\/WhatsApp-Image-2021-06-27-at-12.39.09-PM-224x300.jpeg 224w, https:\/\/agenciaargus.com\/lojaargus\/wp-content\/uploads\/2021\/06\/WhatsApp-Image-2021-06-27-at-12.39.09-PM.jpeg 766w\" sizes=\"auto, (max-width: 224px) 100vw, 224px\" \/><\/a>\n\t\t\t<\/div><\/figure><figure class='gallery-item'>\n\t\t\t<div class='gallery-icon portrait'>\n\t\t\t\t<a href='https:\/\/agenciaargus.com\/lojaargus\/wp-content\/uploads\/2021\/06\/WhatsApp-Image-2021-06-27-at-12.40.19-PM.jpeg'><img loading=\"lazy\" decoding=\"async\" width=\"231\" height=\"300\" src=\"https:\/\/agenciaargus.com\/lojaargus\/wp-content\/uploads\/2021\/06\/WhatsApp-Image-2021-06-27-at-12.40.19-PM-231x300.jpeg\" class=\"attachment-medium size-medium\" alt=\"\" srcset=\"https:\/\/agenciaargus.com\/lojaargus\/wp-content\/uploads\/2021\/06\/WhatsApp-Image-2021-06-27-at-12.40.19-PM-231x300.jpeg 231w, https:\/\/agenciaargus.com\/lojaargus\/wp-content\/uploads\/2021\/06\/WhatsApp-Image-2021-06-27-at-12.40.19-PM-768x999.jpeg 768w, https:\/\/agenciaargus.com\/lojaargus\/wp-content\/uploads\/2021\/06\/WhatsApp-Image-2021-06-27-at-12.40.19-PM.jpeg 787w\" sizes=\"auto, (max-width: 231px) 100vw, 231px\" \/><\/a>\n\t\t\t<\/div><\/figure><figure class='gallery-item'>\n\t\t\t<div class='gallery-icon portrait'>\n\t\t\t\t<a href='https:\/\/agenciaargus.com\/lojaargus\/wp-content\/uploads\/2021\/06\/3e29d3a4-d79d-4a2f-b614-e40788410f0b.jpg'><img loading=\"lazy\" decoding=\"async\" width=\"225\" height=\"300\" src=\"https:\/\/agenciaargus.com\/lojaargus\/wp-content\/uploads\/2021\/06\/3e29d3a4-d79d-4a2f-b614-e40788410f0b-225x300.jpg\" class=\"attachment-medium size-medium\" alt=\"\" srcset=\"https:\/\/agenciaargus.com\/lojaargus\/wp-content\/uploads\/2021\/06\/3e29d3a4-d79d-4a2f-b614-e40788410f0b-225x300.jpg 225w, https:\/\/agenciaargus.com\/lojaargus\/wp-content\/uploads\/2021\/06\/3e29d3a4-d79d-4a2f-b614-e40788410f0b.jpg 768w\" sizes=\"auto, (max-width: 225px) 100vw, 225px\" \/><\/a>\n\t\t\t<\/div><\/figure><figure class='gallery-item'>\n\t\t\t<div class='gallery-icon portrait'>\n\t\t\t\t<a href='https:\/\/agenciaargus.com\/lojaargus\/wp-content\/uploads\/2021\/06\/67957f98-3dc1-48a2-8540-c8d4f6fc8a80.jpg'><img loading=\"lazy\" decoding=\"async\" width=\"225\" height=\"300\" src=\"https:\/\/agenciaargus.com\/lojaargus\/wp-content\/uploads\/2021\/06\/67957f98-3dc1-48a2-8540-c8d4f6fc8a80-225x300.jpg\" class=\"attachment-medium size-medium\" alt=\"\" srcset=\"https:\/\/agenciaargus.com\/lojaargus\/wp-content\/uploads\/2021\/06\/67957f98-3dc1-48a2-8540-c8d4f6fc8a80-225x300.jpg 225w, https:\/\/agenciaargus.com\/lojaargus\/wp-content\/uploads\/2021\/06\/67957f98-3dc1-48a2-8540-c8d4f6fc8a80.jpg 768w\" sizes=\"auto, (max-width: 225px) 100vw, 225px\" \/><\/a>\n\t\t\t<\/div><\/figure><figure class='gallery-item'>\n\t\t\t<div class='gallery-icon portrait'>\n\t\t\t\t<a href='https:\/\/agenciaargus.com\/lojaargus\/wp-content\/uploads\/2021\/06\/563e48d4-7d6e-4d75-a2e1-523dd8849412.jpg'><img loading=\"lazy\" decoding=\"async\" width=\"225\" height=\"300\" src=\"https:\/\/agenciaargus.com\/lojaargus\/wp-content\/uploads\/2021\/06\/563e48d4-7d6e-4d75-a2e1-523dd8849412-225x300.jpg\" class=\"attachment-medium size-medium\" alt=\"\" srcset=\"https:\/\/agenciaargus.com\/lojaargus\/wp-content\/uploads\/2021\/06\/563e48d4-7d6e-4d75-a2e1-523dd8849412-225x300.jpg 225w, https:\/\/agenciaargus.com\/lojaargus\/wp-content\/uploads\/2021\/06\/563e48d4-7d6e-4d75-a2e1-523dd8849412.jpg 768w\" sizes=\"auto, (max-width: 225px) 100vw, 225px\" \/><\/a>\n\t\t\t<\/div><\/figure><figure class='gallery-item'>\n\t\t\t<div class='gallery-icon portrait'>\n\t\t\t\t<a href='https:\/\/agenciaargus.com\/lojaargus\/wp-content\/uploads\/2021\/06\/b870687a-e7af-4136-aea9-35ca38309048.jpg'><img loading=\"lazy\" decoding=\"async\" width=\"225\" height=\"300\" src=\"https:\/\/agenciaargus.com\/lojaargus\/wp-content\/uploads\/2021\/06\/b870687a-e7af-4136-aea9-35ca38309048-225x300.jpg\" class=\"attachment-medium size-medium\" alt=\"\" srcset=\"https:\/\/agenciaargus.com\/lojaargus\/wp-content\/uploads\/2021\/06\/b870687a-e7af-4136-aea9-35ca38309048-225x300.jpg 225w, https:\/\/agenciaargus.com\/lojaargus\/wp-content\/uploads\/2021\/06\/b870687a-e7af-4136-aea9-35ca38309048.jpg 768w\" sizes=\"auto, (max-width: 225px) 100vw, 225px\" \/><\/a>\n\t\t\t<\/div><\/figure>\n\t\t<\/div>\n\n","protected":false},"excerpt":{"rendered":"<p>NOSSA LOJA Venham conhecer a nossa loja f\u00edsica de equipamentos de seguran\u00e7a, espionagem e contraespionagem, de modo que individualmente cada cliente possa encontrar, atrav\u00e9s da tecnologia, equipamentos de preven\u00e7\u00e3o e repress\u00e3o aos seus problemas. Cada cliente ter\u00e1 seu caso estudado,<\/p>\n","protected":false},"author":1,"featured_media":0,"parent":0,"menu_order":0,"comment_status":"closed","ping_status":"closed","template":"","meta":{"footnotes":""},"class_list":["post-12","page","type-page","status-publish","hentry"],"_links":{"self":[{"href":"https:\/\/agenciaargus.com\/lojaargus\/wp-json\/wp\/v2\/pages\/12","targetHints":{"allow":["GET"]}}],"collection":[{"href":"https:\/\/agenciaargus.com\/lojaargus\/wp-json\/wp\/v2\/pages"}],"about":[{"href":"https:\/\/agenciaargus.com\/lojaargus\/wp-json\/wp\/v2\/types\/page"}],"author":[{"embeddable":true,"href":"https:\/\/agenciaargus.com\/lojaargus\/wp-json\/wp\/v2\/users\/1"}],"replies":[{"embeddable":true,"href":"https:\/\/agenciaargus.com\/lojaargus\/wp-json\/wp\/v2\/comments?post=12"}],"version-history":[{"count":3,"href":"https:\/\/agenciaargus.com\/lojaargus\/wp-json\/wp\/v2\/pages\/12\/revisions"}],"predecessor-version":[{"id":38,"href":"https:\/\/agenciaargus.com\/lojaargus\/wp-json\/wp\/v2\/pages\/12\/revisions\/38"}],"wp:attachment":[{"href":"https:\/\/agenciaargus.com\/lojaargus\/wp-json\/wp\/v2\/media?parent=12"}],"curies":[{"name":"wp","href":"https:\/\/api.w.org\/{rel}","templated":true}]}}